{"id":3,"date":"2024-02-08T00:35:57","date_gmt":"2024-02-08T00:35:57","guid":{"rendered":"http:\/\/localhost:780\/?page_id=3"},"modified":"2024-03-02T17:28:55","modified_gmt":"2024-03-02T17:28:55","slug":"privacy-policy","status":"publish","type":"page","link":"https:\/\/about.408dev.com\/pl\/privacy-policy\/","title":{"rendered":"Polityka prywatno\u015bci"},"content":{"rendered":"<div class=\"fusion-fullwidth fullwidth-box fusion-builder-row-1 fusion-flex-container nonhundred-percent-fullwidth non-hundred-percent-height-scrolling\" style=\"--awb-border-radius-top-left:0px;--awb-border-radius-top-right:0px;--awb-border-radius-bottom-right:0px;--awb-border-radius-bottom-left:0px;--awb-flex-wrap:wrap;\" ><div class=\"fusion-builder-row fusion-row fusion-flex-align-items-flex-start fusion-flex-content-wrap\" style=\"max-width:1372.8px;margin-left: calc(-4% \/ 2 );margin-right: calc(-4% \/ 2 );\"><div class=\"fusion-layout-column fusion_builder_column fusion-builder-column-0 fusion_builder_column_1_1 1_1 fusion-flex-column\" style=\"--awb-bg-size:cover;--awb-width-large:100%;--awb-margin-top-large:0px;--awb-spacing-right-large:1.92%;--awb-margin-bottom-large:0px;--awb-spacing-left-large:1.92%;--awb-width-medium:100%;--awb-spacing-right-medium:1.92%;--awb-spacing-left-medium:1.92%;--awb-width-small:100%;--awb-spacing-right-small:1.92%;--awb-spacing-left-small:1.92%;\"><div class=\"fusion-column-wrapper fusion-flex-justify-content-flex-start fusion-content-layout-column\"><div class=\"fusion-text fusion-text-1\"><\/p>\n<h5 data-fontsize=\"22\" data-lineheight=\"28.6px\" class=\"fusion-responsive-typography-calculated wp-block-heading\" style=\"--fontSize: 22; line-height: 1.3; --minFontSize: 22;\">Kim jeste\u015bmy<\/h5>\n<\/p>\n<p>Nasz adres strony internetowej to: https:\/\/gogosport.com<\/p>\n<p>GOGOSPORT jest zobowi\u0105zany do ochrony Twojej prywatno\u015bci i danych. \u015aci\u015ble przestrzegamy wymaga\u0144 legislacji dotycz\u0105cej ochrony danych, w tym Og\u00f3lnego Rozporz\u0105dzenia o Ochronie Danych (GDPR) oraz wszelkich krajowych ustaw Polski reguluj\u0105cych przetwarzanie danych osobowych.<\/p>\n<\/p>\n<h5 data-fontsize=\"22\" data-lineheight=\"28.6px\" class=\"fusion-responsive-typography-calculated wp-block-heading\" style=\"--fontSize: 22; line-height: 1.3; --minFontSize: 22;\"><strong>Dost\u0119p i aktualizacja Twoich danych osobowych<\/strong><\/h5>\n<\/p>\n<p>Masz prawo w ka\u017cdym momencie uzyska\u0107 dost\u0119p do swoich danych osobowych przechowywanych przez nas oraz \u017c\u0105da\u0107 ich poprawienia lub usuni\u0119cia.<\/p>\n<\/p>\n<h5 data-fontsize=\"22\" data-lineheight=\"28.6px\" class=\"fusion-responsive-typography-calculated\" style=\"--fontSize: 22; line-height: 1.3; --minFontSize: 22;\"><strong>Zbieranie danych<\/strong><\/h5>\n<\/p>\n<p>Zbieramy dane, kt\u00f3re nam dostarczasz. Mo\u017ce to obejmowa\u0107 Twoje imi\u0119, adres i adres e-mail podczas rejestracji na naszej stronie, uczestnictwa w konkursach lub wype\u0142niania formularzy kontaktowych. Wszystkie transakcje p\u0142atnicze s\u0105 przetwarzane przez nasze zaufane systemy p\u0142atno\u015bci trzeciej strony z wykorzystaniem zaszyfrowanej technologii SSL.<\/p>\n<\/p>\n<h5 data-fontsize=\"22\" data-lineheight=\"28.6px\" class=\"fusion-responsive-typography-calculated wp-block-heading\" style=\"--fontSize: 22; line-height: 1.3; --minFontSize: 22;\"><strong>U\u017cywanie Twoich danych<\/strong><\/h5>\n<\/p>\n<p>Zebrane dane wykorzystujemy do:<\/p>\n<ul>\n<li>Personalizacji naszych stron internetowych i komunikacji;<\/li>\n<li>Monitorowania, poprawy i ochrony naszych produkt\u00f3w, tre\u015bci i us\u0142ug;<\/li>\n<li>Wysy\u0142ania materia\u0142\u00f3w marketingowych bezpo\u015brednio za pomoc\u0105 e-maila.<\/li>\n<\/ul>\n<h5 data-fontsize=\"22\" data-lineheight=\"28.6px\" class=\"fusion-responsive-typography-calculated wp-block-heading\" style=\"--fontSize: 22; line-height: 1.3; --minFontSize: 22;\"><strong>Przechowywanie danych<\/strong><\/h5>\n<\/p>\n<p>Wszystkie dostarczone przez Ciebie informacje s\u0105 przechowywane na bezpiecznych serwerach zlokalizowanych w Unii Europejskiej.<\/p><\/p>\n<\/div><div class=\"fusion-menu-anchor\" id=\"cookies\"><\/div><div class=\"fusion-text fusion-text-2\"><h5>Cookies<\/h5>\n<p>Podobnie jak wiele innych stron internetowych, u\u017cywamy technologii cookies (ciasteczek), aby rejestrowa\u0107 informacje o Twojej wizycie na naszej stronie. Cookies to ma\u0142e pliki danych, kt\u00f3re przegl\u0105darka zapisuje na twardym dysku Twojego komputera. Pomagaj\u0105 nam poprawi\u0107 Twoje do\u015bwiadczenia zwi\u0105zane z korzystaniem z naszej strony.<\/p>\n<h5>Skontaktuj si\u0119 z nami<\/h5>\n<p>Je\u015bli masz jakiekolwiek pytania lub chcia\u0142by\u015b dowiedzie\u0107 si\u0119 wi\u0119cej, skontaktuj si\u0119 z nami poprzez e-mail: <em><span style=\"color: #3366ff;\">gogosport.live@gmail.com<\/span><\/em> lub napisz do nas na adres:<\/p>\n<p>Floria\u0144ska 6, Apt. 02, Warszawa, 03-707, Polska.<\/p>\n<\/div><\/div><\/div><\/div><\/div>","protected":false},"excerpt":{"rendered":"","protected":false},"author":1,"featured_media":0,"parent":0,"menu_order":0,"comment_status":"closed","ping_status":"closed","template":"100-width.php","meta":{"_acf_changed":false,"footnotes":""},"class_list":["post-3","page","type-page","status-publish","hentry"],"acf":[],"yoast_head":"<!-- This site is optimized with the Yoast SEO plugin v22.4 - https:\/\/yoast.com\/wordpress\/plugins\/seo\/ -->\n<title>Privacy Policy - Broadcasting Services by GoGoSport<\/title>\n<meta name=\"robots\" content=\"index, follow, max-snippet:-1, max-image-preview:large, max-video-preview:-1\" \/>\n<link rel=\"canonical\" href=\"https:\/\/about.408dev.com\/pl\/privacy-policy\/\" \/>\n<meta property=\"og:locale\" content=\"pl_PL\" \/>\n<meta property=\"og:type\" content=\"article\" \/>\n<meta property=\"og:title\" content=\"Privacy Policy - Broadcasting Services by GoGoSport\" \/>\n<meta property=\"og:url\" content=\"https:\/\/about.408dev.com\/pl\/privacy-policy\/\" \/>\n<meta property=\"og:site_name\" content=\"Broadcasting Services by GoGoSport\" \/>\n<meta property=\"article:publisher\" content=\"https:\/\/www.facebook.com\/GoGoSport.live\" \/>\n<meta property=\"article:modified_time\" content=\"2024-03-02T17:28:55+00:00\" \/>\n<meta property=\"og:image\" content=\"https:\/\/about.408dev.com\/wp-content\/uploads\/2024\/02\/Google-Preview-Image.png\" \/>\n\t<meta property=\"og:image:width\" content=\"996\" \/>\n\t<meta property=\"og:image:height\" content=\"623\" \/>\n\t<meta property=\"og:image:type\" content=\"image\/png\" \/>\n<meta name=\"twitter:card\" content=\"summary_large_image\" \/>\n<meta name=\"twitter:site\" content=\"@GoGoSport_live\" \/>\n<meta name=\"twitter:label1\" content=\"Szacowany czas czytania\" \/>\n\t<meta name=\"twitter:data1\" content=\"2 minuty\" \/>\n<script type=\"application\/ld+json\" class=\"yoast-schema-graph\">{\"@context\":\"https:\/\/schema.org\",\"@graph\":[{\"@type\":\"WebPage\",\"@id\":\"https:\/\/about.408dev.com\/privacy-policy\/\",\"url\":\"https:\/\/about.408dev.com\/privacy-policy\/\",\"name\":\"Privacy Policy - Broadcasting Services by GoGoSport\",\"isPartOf\":{\"@id\":\"https:\/\/about.408dev.com\/#website\"},\"datePublished\":\"2024-02-08T00:35:57+00:00\",\"dateModified\":\"2024-03-02T17:28:55+00:00\",\"breadcrumb\":{\"@id\":\"https:\/\/about.408dev.com\/privacy-policy\/#breadcrumb\"},\"inLanguage\":\"pl-PL\",\"potentialAction\":[{\"@type\":\"ReadAction\",\"target\":[\"https:\/\/about.408dev.com\/privacy-policy\/\"]}]},{\"@type\":\"BreadcrumbList\",\"@id\":\"https:\/\/about.408dev.com\/privacy-policy\/#breadcrumb\",\"itemListElement\":[{\"@type\":\"ListItem\",\"position\":1,\"name\":\"Home\",\"item\":\"https:\/\/about.408dev.com\/\"},{\"@type\":\"ListItem\",\"position\":2,\"name\":\"Privacy Policy\"}]},{\"@type\":\"WebSite\",\"@id\":\"https:\/\/about.408dev.com\/#website\",\"url\":\"https:\/\/about.408dev.com\/\",\"name\":\"GoGoSport Live Broadcasting\",\"description\":\"Global Stage for Your Events\",\"publisher\":{\"@id\":\"https:\/\/about.408dev.com\/#organization\"},\"alternateName\":\"GoGoSport\",\"potentialAction\":[{\"@type\":\"SearchAction\",\"target\":{\"@type\":\"EntryPoint\",\"urlTemplate\":\"https:\/\/about.408dev.com\/?s={search_term_string}\"},\"query-input\":\"required name=search_term_string\"}],\"inLanguage\":\"pl-PL\"},{\"@type\":\"Organization\",\"@id\":\"https:\/\/about.408dev.com\/#organization\",\"name\":\"GoGoSport Broadcasting\",\"alternateName\":\"GoGoSport\",\"url\":\"https:\/\/about.408dev.com\/\",\"logo\":{\"@type\":\"ImageObject\",\"inLanguage\":\"pl-PL\",\"@id\":\"https:\/\/about.408dev.com\/#\/schema\/logo\/image\/\",\"url\":\"https:\/\/about.408dev.com\/wp-content\/uploads\/2024\/02\/Google-Preview-Image.png\",\"contentUrl\":\"https:\/\/about.408dev.com\/wp-content\/uploads\/2024\/02\/Google-Preview-Image.png\",\"width\":996,\"height\":623,\"caption\":\"GoGoSport Broadcasting\"},\"image\":{\"@id\":\"https:\/\/about.408dev.com\/#\/schema\/logo\/image\/\"},\"sameAs\":[\"https:\/\/www.facebook.com\/GoGoSport.live\",\"https:\/\/twitter.com\/GoGoSport_live\",\"https:\/\/www.youtube.com\/@GoGoSport_live\",\"https:\/\/www.instagram.com\/gogosport_live\"]}]}<\/script>\n<!-- \/ Yoast SEO plugin. -->","yoast_head_json":{"title":"Privacy Policy - Broadcasting Services by GoGoSport","robots":{"index":"index","follow":"follow","max-snippet":"max-snippet:-1","max-image-preview":"max-image-preview:large","max-video-preview":"max-video-preview:-1"},"canonical":"https:\/\/about.408dev.com\/pl\/privacy-policy\/","og_locale":"pl_PL","og_type":"article","og_title":"Privacy Policy - Broadcasting Services by GoGoSport","og_url":"https:\/\/about.408dev.com\/pl\/privacy-policy\/","og_site_name":"Broadcasting Services by GoGoSport","article_publisher":"https:\/\/www.facebook.com\/GoGoSport.live","article_modified_time":"2024-03-02T17:28:55+00:00","og_image":[{"width":996,"height":623,"url":"https:\/\/about.408dev.com\/wp-content\/uploads\/2024\/02\/Google-Preview-Image.png","type":"image\/png"}],"twitter_card":"summary_large_image","twitter_site":"@GoGoSport_live","twitter_misc":{"Szacowany czas czytania":"2 minuty"},"schema":{"@context":"https:\/\/schema.org","@graph":[{"@type":"WebPage","@id":"https:\/\/about.408dev.com\/privacy-policy\/","url":"https:\/\/about.408dev.com\/privacy-policy\/","name":"Privacy Policy - Broadcasting Services by GoGoSport","isPartOf":{"@id":"https:\/\/about.408dev.com\/#website"},"datePublished":"2024-02-08T00:35:57+00:00","dateModified":"2024-03-02T17:28:55+00:00","breadcrumb":{"@id":"https:\/\/about.408dev.com\/privacy-policy\/#breadcrumb"},"inLanguage":"pl-PL","potentialAction":[{"@type":"ReadAction","target":["https:\/\/about.408dev.com\/privacy-policy\/"]}]},{"@type":"BreadcrumbList","@id":"https:\/\/about.408dev.com\/privacy-policy\/#breadcrumb","itemListElement":[{"@type":"ListItem","position":1,"name":"Home","item":"https:\/\/about.408dev.com\/"},{"@type":"ListItem","position":2,"name":"Privacy Policy"}]},{"@type":"WebSite","@id":"https:\/\/about.408dev.com\/#website","url":"https:\/\/about.408dev.com\/","name":"GoGoSport Live Broadcasting","description":"Global Stage for Your Events","publisher":{"@id":"https:\/\/about.408dev.com\/#organization"},"alternateName":"GoGoSport","potentialAction":[{"@type":"SearchAction","target":{"@type":"EntryPoint","urlTemplate":"https:\/\/about.408dev.com\/?s={search_term_string}"},"query-input":"required name=search_term_string"}],"inLanguage":"pl-PL"},{"@type":"Organization","@id":"https:\/\/about.408dev.com\/#organization","name":"GoGoSport Broadcasting","alternateName":"GoGoSport","url":"https:\/\/about.408dev.com\/","logo":{"@type":"ImageObject","inLanguage":"pl-PL","@id":"https:\/\/about.408dev.com\/#\/schema\/logo\/image\/","url":"https:\/\/about.408dev.com\/wp-content\/uploads\/2024\/02\/Google-Preview-Image.png","contentUrl":"https:\/\/about.408dev.com\/wp-content\/uploads\/2024\/02\/Google-Preview-Image.png","width":996,"height":623,"caption":"GoGoSport Broadcasting"},"image":{"@id":"https:\/\/about.408dev.com\/#\/schema\/logo\/image\/"},"sameAs":["https:\/\/www.facebook.com\/GoGoSport.live","https:\/\/twitter.com\/GoGoSport_live","https:\/\/www.youtube.com\/@GoGoSport_live","https:\/\/www.instagram.com\/gogosport_live"]}]}},"_links":{"self":[{"href":"https:\/\/about.408dev.com\/pl\/wp-json\/wp\/v2\/pages\/3","targetHints":{"allow":["GET"]}}],"collection":[{"href":"https:\/\/about.408dev.com\/pl\/wp-json\/wp\/v2\/pages"}],"about":[{"href":"https:\/\/about.408dev.com\/pl\/wp-json\/wp\/v2\/types\/page"}],"author":[{"embeddable":true,"href":"https:\/\/about.408dev.com\/pl\/wp-json\/wp\/v2\/users\/1"}],"replies":[{"embeddable":true,"href":"https:\/\/about.408dev.com\/pl\/wp-json\/wp\/v2\/comments?post=3"}],"version-history":[{"count":6,"href":"https:\/\/about.408dev.com\/pl\/wp-json\/wp\/v2\/pages\/3\/revisions"}],"predecessor-version":[{"id":4128,"href":"https:\/\/about.408dev.com\/pl\/wp-json\/wp\/v2\/pages\/3\/revisions\/4128"}],"wp:attachment":[{"href":"https:\/\/about.408dev.com\/pl\/wp-json\/wp\/v2\/media?parent=3"}],"curies":[{"name":"wp","href":"https:\/\/api.w.org\/{rel}","templated":true}]}}